{"id":346,"date":"2023-09-22T06:27:24","date_gmt":"2023-09-22T06:27:24","guid":{"rendered":"https:\/\/persianasgradhermetic.com\/?page_id=346"},"modified":"2023-09-23T12:24:08","modified_gmt":"2023-09-23T12:24:08","slug":"motorizacion","status":"publish","type":"page","link":"https:\/\/persianasgradhermetic.com\/index.php\/motorizacion\/","title":{"rendered":"motorizacion"},"content":{"rendered":"\t\t<div data-elementor-type=\"wp-page\" data-elementor-id=\"346\" class=\"elementor elementor-346\">\n\t\t\t\t<div class=\"elementor-element elementor-element-462f710 e-flex e-con-boxed e-con e-parent\" data-id=\"462f710\" data-element_type=\"container\">\n\t\t\t\t\t<div class=\"e-con-inner\">\n\t\t\t\t<div class=\"elementor-element elementor-element-5127373 elementor-widget elementor-widget-spacer\" data-id=\"5127373\" data-element_type=\"widget\" data-widget_type=\"spacer.default\">\n\t\t\t\t<div class=\"elementor-widget-container\">\n\t\t\t\t\t\t\t<div class=\"elementor-spacer\">\n\t\t\t<div class=\"elementor-spacer-inner\"><\/div>\n\t\t<\/div>\n\t\t\t\t\t\t<\/div>\n\t\t\t\t<\/div>\n\t\t\t\t<div class=\"elementor-element elementor-element-d5544f8 elementor-widget elementor-widget-heading\" data-id=\"d5544f8\" data-element_type=\"widget\" data-widget_type=\"heading.default\">\n\t\t\t\t<div class=\"elementor-widget-container\">\n\t\t\t\t\t<h2 class=\"elementor-heading-title elementor-size-default\">Motorizaci\u00f3n\n<\/h2>\t\t\t\t<\/div>\n\t\t\t\t<\/div>\n\t\t\t\t<div class=\"elementor-element elementor-element-0601710 elementor-widget elementor-widget-heading\" data-id=\"0601710\" data-element_type=\"widget\" data-widget_type=\"heading.default\">\n\t\t\t\t<div class=\"elementor-widget-container\">\n\t\t\t\t\t<h2 class=\"elementor-heading-title elementor-size-default\">\nMotorizar persianas Gradhermetic<\/h2>\t\t\t\t<\/div>\n\t\t\t\t<\/div>\n\t\t\t\t<div class=\"elementor-element elementor-element-f6a27a4 elementor-widget elementor-widget-heading\" data-id=\"f6a27a4\" data-element_type=\"widget\" data-widget_type=\"heading.default\">\n\t\t\t\t<div class=\"elementor-widget-container\">\n\t\t\t\t\t<h2 class=\"elementor-heading-title elementor-size-default\">\u00a1Cuente con nosotros!\n<\/h2>\t\t\t\t<\/div>\n\t\t\t\t<\/div>\n\t\t\t\t\t<\/div>\n\t\t\t\t<\/div>\n\t\t\t\t<section class=\"elementor-section elementor-top-section elementor-element elementor-element-c93cede elementor-section-boxed elementor-section-height-default elementor-section-height-default\" data-id=\"c93cede\" data-element_type=\"section\">\n\t\t\t\t\t\t<div class=\"elementor-container elementor-column-gap-no\">\n\t\t\t\t\t<div class=\"elementor-column elementor-col-100 elementor-top-column elementor-element elementor-element-81d7af0\" data-id=\"81d7af0\" data-element_type=\"column\">\n\t\t\t<div class=\"elementor-widget-wrap elementor-element-populated\">\n\t\t\t\t\t\t<section class=\"elementor-section elementor-inner-section elementor-element elementor-element-c78af71 elementor-section-content-middle elementor-section-boxed elementor-section-height-default elementor-section-height-default\" data-id=\"c78af71\" data-element_type=\"section\">\n\t\t\t\t\t\t<div class=\"elementor-container elementor-column-gap-no\">\n\t\t\t\t\t<div class=\"elementor-column elementor-col-50 elementor-inner-column elementor-element elementor-element-75faa46\" data-id=\"75faa46\" data-element_type=\"column\">\n\t\t\t<div class=\"elementor-widget-wrap elementor-element-populated\">\n\t\t\t\t\t\t<div class=\"elementor-element elementor-element-203e472 elementor-widget elementor-widget-image\" data-id=\"203e472\" data-element_type=\"widget\" data-widget_type=\"image.default\">\n\t\t\t\t<div class=\"elementor-widget-container\">\n\t\t\t\t\t\t\t\t\t\t\t\t\t\t\t<img decoding=\"async\" src=\"https:\/\/persianasgradhermetic.com\/wp-content\/uploads\/2023\/09\/Reparar-persianas-Gradhermetic.jpg\" title=\"Reparar-persianas-Gradhermetic\" alt=\"Reparar-persianas-Gradhermetic\" loading=\"lazy\" \/>\t\t\t\t\t\t\t\t\t\t\t\t\t\t\t<\/div>\n\t\t\t\t<\/div>\n\t\t\t\t\t<\/div>\n\t\t<\/div>\n\t\t\t\t<div class=\"elementor-column elementor-col-50 elementor-inner-column elementor-element elementor-element-408eb41\" data-id=\"408eb41\" data-element_type=\"column\">\n\t\t\t<div class=\"elementor-widget-wrap elementor-element-populated\">\n\t\t\t\t\t\t<div class=\"elementor-element elementor-element-6c76a17 elementor-widget elementor-widget-heading\" data-id=\"6c76a17\" data-element_type=\"widget\" data-widget_type=\"heading.default\">\n\t\t\t\t<div class=\"elementor-widget-container\">\n\t\t\t\t\t<h2 class=\"elementor-heading-title elementor-size-default\">\u00a1Aproveche nuestra oferta mensual de motorizaci\u00f3n!<\/h2>\t\t\t\t<\/div>\n\t\t\t\t<\/div>\n\t\t\t\t<div class=\"elementor-element elementor-element-778fb42 elementor-widget elementor-widget-text-editor\" data-id=\"778fb42\" data-element_type=\"widget\" data-widget_type=\"text-editor.default\">\n\t\t\t\t<div class=\"elementor-widget-container\">\n\t\t\t\t\t\t\t\t\t<div>\n<div>En Persiauto encontrar\u00e1s el servicio perfecto para poder&nbsp;<b>motorizar persianas Gradhermetic<\/b>. Contamos con la experiencia de m\u00e1s de 15 a\u00f1os trabajando en la motorizaci\u00f3n de estas persianas y podemos ofrecerte el mejor servicio gracias a nuestra experiencia.<\/div>\n<div>&nbsp;<\/div>\n<div>&nbsp;Siempre ofrecemos lo mejor a nuestro cliente, por eso entendemos que los productos y materiales deben ser de la m\u00e1xima calidad, por este motivo, contamos con la colaboraci\u00f3n de&nbsp;<a href=\"https:\/\/web.archive.org\/web\/20210727041502\/http:\/\/www.motoresypersianas.com\/\">M&amp;B<\/a>, empresa con m\u00e1s de 20 a\u00f1os de experiencia en el sector, dedicada a la venta y distribuci\u00f3n de&nbsp;<b>motores para persianas Gradhermetic<\/b>.<\/div><\/div>\t\t\t\t\t\t\t\t<\/div>\n\t\t\t\t<\/div>\n\t\t\t\t\t<\/div>\n\t\t<\/div>\n\t\t\t\t\t<\/div>\n\t\t<\/section>\n\t\t\t\t<section class=\"elementor-section elementor-inner-section elementor-element elementor-element-f61c417 elementor-section-content-middle elementor-section-boxed elementor-section-height-default elementor-section-height-default\" data-id=\"f61c417\" data-element_type=\"section\">\n\t\t\t\t\t\t<div class=\"elementor-container elementor-column-gap-no\">\n\t\t\t\t\t<div class=\"elementor-column elementor-col-100 elementor-inner-column elementor-element elementor-element-0ee23c8\" data-id=\"0ee23c8\" data-element_type=\"column\">\n\t\t\t<div class=\"elementor-widget-wrap elementor-element-populated\">\n\t\t\t\t\t\t<div class=\"elementor-element elementor-element-f99439d elementor-widget elementor-widget-text-editor\" data-id=\"f99439d\" data-element_type=\"widget\" data-widget_type=\"text-editor.default\">\n\t\t\t\t<div class=\"elementor-widget-container\">\n\t\t\t\t\t\t\t\t\t<div>\u00a0<\/div><div class=\"separator\"><span style=\"font-size: 16px;\">Trabajamos tambi\u00e9n con <\/span><b style=\"font-style: inherit;\">motores Somfy \u00ae<\/b><span style=\"font-size: 16px;\">, motores de gran calidad y con grandes prestaciones. Son motores indicados para\u00a0<\/span><b style=\"font-style: inherit;\">motorizar<\/b><span style=\"font-size: 16px;\">\u00a0<\/span><b style=\"font-style: inherit;\">persianas<\/b><span style=\"font-size: 16px;\">\u00a0<\/span><b style=\"font-style: inherit;\">Gradhermetic<\/b><span style=\"font-size: 16px;\">. Existen dos tipos de motores Somfy, los cableados (ISG) que controlaremos a trav\u00e9s de un pulsador cableado. y los v\u00eda radio que controlaremos mediante pulsador radio o mando a distancia (IO). \u00a0Dependiendo del peso de la persiana, instalaremos diferentes motores para cada situaci\u00f3n:<\/span><\/div>\t\t\t\t\t\t\t\t<\/div>\n\t\t\t\t<\/div>\n\t\t\t\t\t<\/div>\n\t\t<\/div>\n\t\t\t\t\t<\/div>\n\t\t<\/section>\n\t\t\t\t\t<\/div>\n\t\t<\/div>\n\t\t\t\t\t<\/div>\n\t\t<\/section>\n\t\t\t\t<section class=\"elementor-section elementor-top-section elementor-element elementor-element-a979a43 elementor-section-boxed elementor-section-height-default elementor-section-height-default\" data-id=\"a979a43\" data-element_type=\"section\">\n\t\t\t\t\t\t<div class=\"elementor-container elementor-column-gap-no\">\n\t\t\t\t\t<div class=\"elementor-column elementor-col-100 elementor-top-column elementor-element elementor-element-eb59938\" data-id=\"eb59938\" data-element_type=\"column\">\n\t\t\t<div class=\"elementor-widget-wrap elementor-element-populated\">\n\t\t\t\t\t\t<section class=\"elementor-section elementor-inner-section elementor-element elementor-element-7fd91a7 elementor-section-content-middle elementor-section-boxed elementor-section-height-default elementor-section-height-default\" data-id=\"7fd91a7\" data-element_type=\"section\">\n\t\t\t\t\t\t<div class=\"elementor-container elementor-column-gap-no\">\n\t\t\t\t\t<div class=\"elementor-column elementor-col-100 elementor-inner-column elementor-element elementor-element-af7580e\" data-id=\"af7580e\" data-element_type=\"column\">\n\t\t\t<div class=\"elementor-widget-wrap elementor-element-populated\">\n\t\t\t\t\t\t<div class=\"elementor-element elementor-element-2e65e47 elementor-widget elementor-widget-heading\" data-id=\"2e65e47\" data-element_type=\"widget\" data-widget_type=\"heading.default\">\n\t\t\t\t<div class=\"elementor-widget-container\">\n\t\t\t\t\t<h2 class=\"elementor-heading-title elementor-size-default\">Motores Persianas (Somfy) Gradhermetic<\/h2>\t\t\t\t<\/div>\n\t\t\t\t<\/div>\n\t\t\t\t<div class=\"elementor-element elementor-element-3053df6 elementor-widget elementor-widget-text-editor\" data-id=\"3053df6\" data-element_type=\"widget\" data-widget_type=\"text-editor.default\">\n\t\t\t\t<div class=\"elementor-widget-container\">\n\t\t\t\t\t\t\t\t\t<ul><li><b>Motor Somfy Jet 10Nm<\/b>, disponible en modelo cableado (ISG) y modelo v\u00eda radio (IO)<\/li><li><b>Motor Somfy Meteor 20Nm<\/b>, disponible en modelo cableado (ISG) y modelo v\u00eda radio (IO)<\/li><li><b>Motor Somfy Helios 30Nm<\/b>, disponible en modelo cableado (ISG) y modelo v\u00eda radio (IO)<\/li><li><b>Motor Somfy Mariner 40Nm<\/b>, disponible en modelo cableado (ISG) y modelo v\u00eda radio (IO)<\/li><\/ul>\t\t\t\t\t\t\t\t<\/div>\n\t\t\t\t<\/div>\n\t\t\t\t\t<\/div>\n\t\t<\/div>\n\t\t\t\t\t<\/div>\n\t\t<\/section>\n\t\t\t\t<section class=\"elementor-section elementor-inner-section elementor-element elementor-element-6044b30 elementor-section-content-middle elementor-section-boxed elementor-section-height-default elementor-section-height-default\" data-id=\"6044b30\" data-element_type=\"section\">\n\t\t\t\t\t\t<div class=\"elementor-container elementor-column-gap-no\">\n\t\t\t\t\t<div class=\"elementor-column elementor-col-50 elementor-inner-column elementor-element elementor-element-a277ebb\" data-id=\"a277ebb\" data-element_type=\"column\">\n\t\t\t<div class=\"elementor-widget-wrap elementor-element-populated\">\n\t\t\t\t\t\t<div class=\"elementor-element elementor-element-bbc8134 elementor-widget elementor-widget-image\" data-id=\"bbc8134\" data-element_type=\"widget\" data-widget_type=\"image.default\">\n\t\t\t\t<div class=\"elementor-widget-container\">\n\t\t\t\t\t\t\t\t\t\t\t\t\t\t\t<img decoding=\"async\" src=\"https:\/\/persianasgradhermetic.com\/wp-content\/uploads\/2023\/09\/mandos-somfy.jpg\" title=\"mandos-somfy\" alt=\"mandos-somfy\" loading=\"lazy\" \/>\t\t\t\t\t\t\t\t\t\t\t\t\t\t\t<\/div>\n\t\t\t\t<\/div>\n\t\t\t\t\t<\/div>\n\t\t<\/div>\n\t\t\t\t<div class=\"elementor-column elementor-col-50 elementor-inner-column elementor-element elementor-element-88efd13\" data-id=\"88efd13\" data-element_type=\"column\">\n\t\t\t<div class=\"elementor-widget-wrap elementor-element-populated\">\n\t\t\t\t\t\t<div class=\"elementor-element elementor-element-ec53933 elementor-widget elementor-widget-image\" data-id=\"ec53933\" data-element_type=\"widget\" data-widget_type=\"image.default\">\n\t\t\t\t<div class=\"elementor-widget-container\">\n\t\t\t\t\t\t\t\t\t\t\t\t\t\t\t<img fetchpriority=\"high\" decoding=\"async\" width=\"600\" height=\"570\" src=\"https:\/\/persianasgradhermetic.com\/wp-content\/uploads\/2023\/09\/motor-somfy-supergradhermetic.jpg\" class=\"attachment-large size-large wp-image-358\" alt=\"\" srcset=\"https:\/\/persianasgradhermetic.com\/wp-content\/uploads\/2023\/09\/motor-somfy-supergradhermetic.jpg 600w, https:\/\/persianasgradhermetic.com\/wp-content\/uploads\/2023\/09\/motor-somfy-supergradhermetic-300x285.jpg 300w\" sizes=\"(max-width: 600px) 100vw, 600px\" \/>\t\t\t\t\t\t\t\t\t\t\t\t\t\t\t<\/div>\n\t\t\t\t<\/div>\n\t\t\t\t\t<\/div>\n\t\t<\/div>\n\t\t\t\t\t<\/div>\n\t\t<\/section>\n\t\t\t\t\t<\/div>\n\t\t<\/div>\n\t\t\t\t\t<\/div>\n\t\t<\/section>\n\t\t\t\t<section class=\"elementor-section elementor-top-section elementor-element elementor-element-c9a302b elementor-section-boxed elementor-section-height-default elementor-section-height-default\" data-id=\"c9a302b\" data-element_type=\"section\">\n\t\t\t\t\t\t<div class=\"elementor-container elementor-column-gap-no\">\n\t\t\t\t\t<div class=\"elementor-column elementor-col-100 elementor-top-column elementor-element elementor-element-be1c83c\" data-id=\"be1c83c\" data-element_type=\"column\">\n\t\t\t<div class=\"elementor-widget-wrap elementor-element-populated\">\n\t\t\t\t\t\t<section class=\"elementor-section elementor-inner-section elementor-element elementor-element-ccc612d elementor-section-content-middle elementor-section-boxed elementor-section-height-default elementor-section-height-default\" data-id=\"ccc612d\" data-element_type=\"section\">\n\t\t\t\t\t\t<div class=\"elementor-container elementor-column-gap-no\">\n\t\t\t\t\t<div class=\"elementor-column elementor-col-100 elementor-inner-column elementor-element elementor-element-e4404d5\" data-id=\"e4404d5\" data-element_type=\"column\">\n\t\t\t<div class=\"elementor-widget-wrap elementor-element-populated\">\n\t\t\t\t\t\t<div class=\"elementor-element elementor-element-991b3c3 elementor-widget elementor-widget-heading\" data-id=\"991b3c3\" data-element_type=\"widget\" data-widget_type=\"heading.default\">\n\t\t\t\t<div class=\"elementor-widget-container\">\n\t\t\t\t\t<h2 class=\"elementor-heading-title elementor-size-default\">\nMotores Persianas (M&amp;B) Gradhermetic<\/h2>\t\t\t\t<\/div>\n\t\t\t\t<\/div>\n\t\t\t\t<div class=\"elementor-element elementor-element-e6fca94 elementor-widget elementor-widget-text-editor\" data-id=\"e6fca94\" data-element_type=\"widget\" data-widget_type=\"text-editor.default\">\n\t\t\t\t<div class=\"elementor-widget-container\">\n\t\t\t\t\t\t\t\t\t<ul><li>Motor tubular 10Nm \/ 25 Kg. Estandar: cableado \/ radio. Premium: radio<\/li><li>Motor tubular 20Nm \/ 35 Kg. Estandar: cableado \/ radio. Premium: radio<\/li><li>Motor tubular 30 Nm \/ 53 Kg. Estandar: cableado\/ radio. Premium: radio<\/li><li>Motor tubular 40 Nm \/ 73 Kg. Estandar: cableado \/ radio. Premium: radio<\/li><li>Motor tubular 50 Nm \/ 90 Kg. Estandar: cableado \/ radio. Premium: radio<\/li><\/ul>\t\t\t\t\t\t\t\t<\/div>\n\t\t\t\t<\/div>\n\t\t\t\t\t<\/div>\n\t\t<\/div>\n\t\t\t\t\t<\/div>\n\t\t<\/section>\n\t\t\t\t\t<\/div>\n\t\t<\/div>\n\t\t\t\t\t<\/div>\n\t\t<\/section>\n\t\t\t\t<section class=\"elementor-section elementor-top-section elementor-element elementor-element-65e384f elementor-section-boxed elementor-section-height-default elementor-section-height-default\" data-id=\"65e384f\" data-element_type=\"section\">\n\t\t\t\t\t\t<div class=\"elementor-container elementor-column-gap-no\">\n\t\t\t\t\t<div class=\"elementor-column elementor-col-100 elementor-top-column elementor-element elementor-element-7e5be42\" data-id=\"7e5be42\" data-element_type=\"column\">\n\t\t\t<div class=\"elementor-widget-wrap elementor-element-populated\">\n\t\t\t\t\t\t<section class=\"elementor-section elementor-inner-section elementor-element elementor-element-fb3e5d1 elementor-section-content-middle elementor-section-boxed elementor-section-height-default elementor-section-height-default\" data-id=\"fb3e5d1\" data-element_type=\"section\">\n\t\t\t\t\t\t<div class=\"elementor-container elementor-column-gap-no\">\n\t\t\t\t\t<div class=\"elementor-column elementor-col-100 elementor-inner-column elementor-element elementor-element-9e5395b\" data-id=\"9e5395b\" data-element_type=\"column\">\n\t\t\t<div class=\"elementor-widget-wrap elementor-element-populated\">\n\t\t\t\t\t\t<div class=\"elementor-element elementor-element-a068601 elementor-widget elementor-widget-video\" data-id=\"a068601\" data-element_type=\"widget\" data-settings=\"{&quot;youtube_url&quot;:&quot;https:\\\/\\\/www.youtube.com\\\/watch?v=137sBgVbX7g&quot;,&quot;video_type&quot;:&quot;youtube&quot;,&quot;controls&quot;:&quot;yes&quot;}\" data-widget_type=\"video.default\">\n\t\t\t\t<div class=\"elementor-widget-container\">\n\t\t\t\t\t\t\t<div class=\"elementor-wrapper elementor-open-inline\">\n\t\t\t<div class=\"elementor-video\"><\/div>\t\t<\/div>\n\t\t\t\t\t\t<\/div>\n\t\t\t\t<\/div>\n\t\t\t\t<div class=\"elementor-element elementor-element-d57a89f elementor-widget elementor-widget-heading\" data-id=\"d57a89f\" data-element_type=\"widget\" data-widget_type=\"heading.default\">\n\t\t\t\t<div class=\"elementor-widget-container\">\n\t\t\t\t\t<h2 class=\"elementor-heading-title elementor-size-default\">Servicio motorizaci\u00f3n Persiauto\n\n<\/h2>\t\t\t\t<\/div>\n\t\t\t\t<\/div>\n\t\t\t\t\t<\/div>\n\t\t<\/div>\n\t\t\t\t\t<\/div>\n\t\t<\/section>\n\t\t\t\t<div class=\"elementor-element elementor-element-bfc73cc elementor-widget elementor-widget-text-editor\" data-id=\"bfc73cc\" data-element_type=\"widget\" data-widget_type=\"text-editor.default\">\n\t\t\t\t<div class=\"elementor-widget-container\">\n\t\t\t\t\t\t\t\t\t<ul><li>Motorizar persiana enrollable de lamas orientables (SuperGradhermetic)<\/li><li>Motorizar persiana enrollable de aluminio con separaci\u00f3n de lamas (Alumetic)<\/li><li>Motorizar persiana enrollable de aluminio de enganche continuo (Alutermic 45\u00a0\/\u00a0Aluminicolor 45)<\/li><li>Motorizar persiana enrollable de aluminio de l\u00e1mina ancha para exteriores (Grad-Stor 80)<\/li><li>Motorizar persiana enrollable de aluminio de lamas orientables con caj\u00f3n registro (Superbloc)<\/li><\/ul>\t\t\t\t\t\t\t\t<\/div>\n\t\t\t\t<\/div>\n\t\t\t\t\t<\/div>\n\t\t<\/div>\n\t\t\t\t\t<\/div>\n\t\t<\/section>\n\t\t\t\t<\/div>\n\t\t","protected":false},"excerpt":{"rendered":"<p>Motorizaci\u00f3n Motorizar persianas Gradhermetic \u00a1Cuente con nosotros! \u00a1Aproveche nuestra oferta mensual de motorizaci\u00f3n! En Persiauto encontrar\u00e1s el servicio perfecto para poder&nbsp;motorizar persianas Gradhermetic. Contamos con la experiencia de m\u00e1s de 15 a\u00f1os trabajando en la motorizaci\u00f3n de estas persianas y podemos ofrecerte el mejor servicio gracias a nuestra experiencia. &nbsp; &nbsp;Siempre ofrecemos lo mejor a &hellip;<\/p>\n<p class=\"read-more\"> <a class=\"\" href=\"https:\/\/persianasgradhermetic.com\/index.php\/motorizacion\/\"> <span class=\"screen-reader-text\">motorizacion<\/span> Read More &raquo;<\/a><\/p>\n","protected":false},"author":2,"featured_media":0,"parent":0,"menu_order":0,"comment_status":"closed","ping_status":"closed","template":"","meta":{"site-sidebar-layout":"no-sidebar","site-content-layout":"page-builder","ast-site-content-layout":"full-width-container","site-content-style":"default","site-sidebar-style":"default","ast-global-header-display":"","ast-banner-title-visibility":"","ast-main-header-display":"","ast-hfb-above-header-display":"","ast-hfb-below-header-display":"","ast-hfb-mobile-header-display":"","site-post-title":"disabled","ast-breadcrumbs-content":"","ast-featured-img":"disabled","footer-sml-layout":"","theme-transparent-header-meta":"","adv-header-id-meta":"","stick-header-meta":"","header-above-stick-meta":"","header-main-stick-meta":"","header-below-stick-meta":"","astra-migrate-meta-layouts":"set","footnotes":""},"class_list":["post-346","page","type-page","status-publish","hentry"],"_links":{"self":[{"href":"https:\/\/persianasgradhermetic.com\/index.php\/wp-json\/wp\/v2\/pages\/346","targetHints":{"allow":["GET"]}}],"collection":[{"href":"https:\/\/persianasgradhermetic.com\/index.php\/wp-json\/wp\/v2\/pages"}],"about":[{"href":"https:\/\/persianasgradhermetic.com\/index.php\/wp-json\/wp\/v2\/types\/page"}],"author":[{"embeddable":true,"href":"https:\/\/persianasgradhermetic.com\/index.php\/wp-json\/wp\/v2\/users\/2"}],"replies":[{"embeddable":true,"href":"https:\/\/persianasgradhermetic.com\/index.php\/wp-json\/wp\/v2\/comments?post=346"}],"version-history":[{"count":58,"href":"https:\/\/persianasgradhermetic.com\/index.php\/wp-json\/wp\/v2\/pages\/346\/revisions"}],"predecessor-version":[{"id":502,"href":"https:\/\/persianasgradhermetic.com\/index.php\/wp-json\/wp\/v2\/pages\/346\/revisions\/502"}],"wp:attachment":[{"href":"https:\/\/persianasgradhermetic.com\/index.php\/wp-json\/wp\/v2\/media?parent=346"}],"curies":[{"name":"wp","href":"https:\/\/api.w.org\/{rel}","templated":true}]}}