{"id":335,"date":"2023-09-22T06:18:57","date_gmt":"2023-09-22T06:18:57","guid":{"rendered":"https:\/\/persianasgradhermetic.com\/?page_id=335"},"modified":"2023-09-22T07:11:31","modified_gmt":"2023-09-22T07:11:31","slug":"reparacion","status":"publish","type":"page","link":"https:\/\/persianasgradhermetic.com\/index.php\/reparacion\/","title":{"rendered":"reparacion"},"content":{"rendered":"\t\t<div data-elementor-type=\"wp-page\" data-elementor-id=\"335\" class=\"elementor elementor-335\">\n\t\t\t\t<div class=\"elementor-element elementor-element-7a9fc35 e-flex e-con-boxed e-con e-parent\" data-id=\"7a9fc35\" data-element_type=\"container\">\n\t\t\t\t\t<div class=\"e-con-inner\">\n\t\t\t\t<div class=\"elementor-element elementor-element-e7c5df7 elementor-widget elementor-widget-spacer\" data-id=\"e7c5df7\" data-element_type=\"widget\" data-widget_type=\"spacer.default\">\n\t\t\t\t<div class=\"elementor-widget-container\">\n\t\t\t\t\t\t\t<div class=\"elementor-spacer\">\n\t\t\t<div class=\"elementor-spacer-inner\"><\/div>\n\t\t<\/div>\n\t\t\t\t\t\t<\/div>\n\t\t\t\t<\/div>\n\t\t\t\t<div class=\"elementor-element elementor-element-3d4b614 elementor-widget elementor-widget-heading\" data-id=\"3d4b614\" data-element_type=\"widget\" data-widget_type=\"heading.default\">\n\t\t\t\t<div class=\"elementor-widget-container\">\n\t\t\t\t\t<h2 class=\"elementor-heading-title elementor-size-default\">\nReparaci\u00f3n<\/h2>\t\t\t\t<\/div>\n\t\t\t\t<\/div>\n\t\t\t\t<div class=\"elementor-element elementor-element-f712025 elementor-widget elementor-widget-heading\" data-id=\"f712025\" data-element_type=\"widget\" data-widget_type=\"heading.default\">\n\t\t\t\t<div class=\"elementor-widget-container\">\n\t\t\t\t\t<h2 class=\"elementor-heading-title elementor-size-default\">\u00bfSu persiana Gradhermetic necesita reparaci\u00f3n?<\/h2>\t\t\t\t<\/div>\n\t\t\t\t<\/div>\n\t\t\t\t<div class=\"elementor-element elementor-element-cd09660 elementor-widget elementor-widget-heading\" data-id=\"cd09660\" data-element_type=\"widget\" data-widget_type=\"heading.default\">\n\t\t\t\t<div class=\"elementor-widget-container\">\n\t\t\t\t\t<h2 class=\"elementor-heading-title elementor-size-default\">\u00a1\u00a1Tenemos la soluci\u00f3n!!<\/h2>\t\t\t\t<\/div>\n\t\t\t\t<\/div>\n\t\t\t\t\t<\/div>\n\t\t\t\t<\/div>\n\t\t\t\t<section class=\"elementor-section elementor-top-section elementor-element elementor-element-2434a1f elementor-section-boxed elementor-section-height-default elementor-section-height-default\" data-id=\"2434a1f\" data-element_type=\"section\">\n\t\t\t\t\t\t<div class=\"elementor-container elementor-column-gap-no\">\n\t\t\t\t\t<div class=\"elementor-column elementor-col-100 elementor-top-column elementor-element elementor-element-ee51c5b\" data-id=\"ee51c5b\" data-element_type=\"column\">\n\t\t\t<div class=\"elementor-widget-wrap elementor-element-populated\">\n\t\t\t\t\t\t<section class=\"elementor-section elementor-inner-section elementor-element elementor-element-365cd3b elementor-section-content-middle elementor-section-boxed elementor-section-height-default elementor-section-height-default\" data-id=\"365cd3b\" data-element_type=\"section\">\n\t\t\t\t\t\t<div class=\"elementor-container elementor-column-gap-no\">\n\t\t\t\t\t<div class=\"elementor-column elementor-col-50 elementor-inner-column elementor-element elementor-element-42e01d4\" data-id=\"42e01d4\" data-element_type=\"column\">\n\t\t\t<div class=\"elementor-widget-wrap elementor-element-populated\">\n\t\t\t\t\t\t<div class=\"elementor-element elementor-element-91841fc elementor-widget elementor-widget-image\" data-id=\"91841fc\" data-element_type=\"widget\" data-widget_type=\"image.default\">\n\t\t\t\t<div class=\"elementor-widget-container\">\n\t\t\t\t\t\t\t\t\t\t\t\t\t\t\t<img fetchpriority=\"high\" decoding=\"async\" width=\"480\" height=\"640\" src=\"https:\/\/persianasgradhermetic.com\/wp-content\/uploads\/2023\/09\/Reparacion-SuperGradhermetic.jpg\" class=\"attachment-full size-full wp-image-371\" alt=\"\" srcset=\"https:\/\/persianasgradhermetic.com\/wp-content\/uploads\/2023\/09\/Reparacion-SuperGradhermetic.jpg 480w, https:\/\/persianasgradhermetic.com\/wp-content\/uploads\/2023\/09\/Reparacion-SuperGradhermetic-225x300.jpg 225w\" sizes=\"(max-width: 480px) 100vw, 480px\" \/>\t\t\t\t\t\t\t\t\t\t\t\t\t\t\t<\/div>\n\t\t\t\t<\/div>\n\t\t\t\t\t<\/div>\n\t\t<\/div>\n\t\t\t\t<div class=\"elementor-column elementor-col-50 elementor-inner-column elementor-element elementor-element-61a8756\" data-id=\"61a8756\" data-element_type=\"column\">\n\t\t\t<div class=\"elementor-widget-wrap elementor-element-populated\">\n\t\t\t\t\t\t<div class=\"elementor-element elementor-element-5dfda2d elementor-widget elementor-widget-heading\" data-id=\"5dfda2d\" data-element_type=\"widget\" data-widget_type=\"heading.default\">\n\t\t\t\t<div class=\"elementor-widget-container\">\n\t\t\t\t\t<h2 class=\"elementor-heading-title elementor-size-default\">\u00a1Reparaci\u00f3n persianas Gradhermetic al mejor precio que podr\u00e1 encontrar!<\/h2>\t\t\t\t<\/div>\n\t\t\t\t<\/div>\n\t\t\t\t<div class=\"elementor-element elementor-element-843a674 elementor-widget elementor-widget-text-editor\" data-id=\"843a674\" data-element_type=\"widget\" data-widget_type=\"text-editor.default\">\n\t\t\t\t<div class=\"elementor-widget-container\">\n\t\t\t\t\t\t\t\t\t<div><p>El paso del tiempo provoca muchas veces que nuestras persianas\u00a0<b>Gradhermetic<\/b>\u00a0se vean afectadas, presenten algunos fallos o problemas y haya que repararlas. En Persiauto llevamos m\u00e1s de 15 a\u00f1os trabajando en la\u00a0<b>reparaci\u00f3n persianas Gradhermetic<\/b>\u00a0y conocemos el funcionamiento de estas persianas y su posible desgaste.<\/p><p>Si necesita reparar su persiana, nuestro equipo t\u00e9cnico de instaladores se desplazar\u00e1 a su domicilio y le reparar\u00e1 su\u00a0<b>persiana Gradhermetic<\/b> de forma r\u00e1pida y eficaz, para que usted vuelva a disfrutar del correcto funcionamiento de su persiana como el primer d\u00eda.<\/p><\/div>\t\t\t\t\t\t\t\t<\/div>\n\t\t\t\t<\/div>\n\t\t\t\t\t<\/div>\n\t\t<\/div>\n\t\t\t\t\t<\/div>\n\t\t<\/section>\n\t\t\t\t<section class=\"elementor-section elementor-inner-section elementor-element elementor-element-d3e4241 elementor-section-content-middle elementor-section-boxed elementor-section-height-default elementor-section-height-default\" data-id=\"d3e4241\" data-element_type=\"section\">\n\t\t\t\t\t\t<div class=\"elementor-container elementor-column-gap-no\">\n\t\t\t\t\t<div class=\"elementor-column elementor-col-100 elementor-inner-column elementor-element elementor-element-9399381\" data-id=\"9399381\" data-element_type=\"column\">\n\t\t\t<div class=\"elementor-widget-wrap elementor-element-populated\">\n\t\t\t\t\t\t<div class=\"elementor-element elementor-element-bb463bb elementor-widget elementor-widget-text-editor\" data-id=\"bb463bb\" data-element_type=\"widget\" data-widget_type=\"text-editor.default\">\n\t\t\t\t<div class=\"elementor-widget-container\">\n\t\t\t\t\t\t\t\t\t<p>El servicio de\u00a0<b>reparaci\u00f3n<\/b>\u00a0<b>persianas Gradhermetic<\/b>\u00a0puede necesitar de 1 \u00f3 2 t\u00e9cnicos dependiendo de las dimensiones de la persiana y del trabajo a realizar.<\/p>\t\t\t\t\t\t\t\t<\/div>\n\t\t\t\t<\/div>\n\t\t\t\t\t<\/div>\n\t\t<\/div>\n\t\t\t\t\t<\/div>\n\t\t<\/section>\n\t\t\t\t\t<\/div>\n\t\t<\/div>\n\t\t\t\t\t<\/div>\n\t\t<\/section>\n\t\t\t\t<section class=\"elementor-section elementor-top-section elementor-element elementor-element-fd229ab elementor-section-boxed elementor-section-height-default elementor-section-height-default\" data-id=\"fd229ab\" data-element_type=\"section\">\n\t\t\t\t\t\t<div class=\"elementor-container elementor-column-gap-no\">\n\t\t\t\t\t<div class=\"elementor-column elementor-col-100 elementor-top-column elementor-element elementor-element-93f8ad5\" data-id=\"93f8ad5\" data-element_type=\"column\">\n\t\t\t<div class=\"elementor-widget-wrap elementor-element-populated\">\n\t\t\t\t\t\t<section class=\"elementor-section elementor-inner-section elementor-element elementor-element-be90423 elementor-section-content-middle elementor-section-boxed elementor-section-height-default elementor-section-height-default\" data-id=\"be90423\" data-element_type=\"section\">\n\t\t\t\t\t\t<div class=\"elementor-container elementor-column-gap-no\">\n\t\t\t\t\t<div class=\"elementor-column elementor-col-50 elementor-inner-column elementor-element elementor-element-d963f22\" data-id=\"d963f22\" data-element_type=\"column\">\n\t\t\t<div class=\"elementor-widget-wrap elementor-element-populated\">\n\t\t\t\t\t\t<div class=\"elementor-element elementor-element-f9d826c elementor-widget elementor-widget-heading\" data-id=\"f9d826c\" data-element_type=\"widget\" data-widget_type=\"heading.default\">\n\t\t\t\t<div class=\"elementor-widget-container\">\n\t\t\t\t\t<h2 class=\"elementor-heading-title elementor-size-default\">Servicio Mantenimiento Gradhermetic<\/h2>\t\t\t\t<\/div>\n\t\t\t\t<\/div>\n\t\t\t\t<div class=\"elementor-element elementor-element-3946203 elementor-widget elementor-widget-text-editor\" data-id=\"3946203\" data-element_type=\"widget\" data-widget_type=\"text-editor.default\">\n\t\t\t\t<div class=\"elementor-widget-container\">\n\t\t\t\t\t\t\t\t\t<p>Las\u00a0<b>persianas Gradhermetic<\/b>, como dec\u00edamos anteriormente, con el paso del tiempo pueden empezar a sufrir desgaste. En Persiauto siempre queremos ofrecer al cliente lo mejor, es por ello que disponemos de un\u00a0<b>servicio de mantenimiento<\/b>\u00a0para su\u00a0<b>persiana Gradhermetic<\/b>, para que su persiana tenga un correcto funcionamiento y no derive en problemas que si necesitar\u00e1n de una reparaci\u00f3n, con los consiguientes gastos.<\/p><p>A un precio muy econ\u00f3mico podr\u00e1 obtener el \u00a0mejor\u00a0<b>servicio de mantenimiento<\/b>\u00a0para\u00a0<b>persianas Gradhermetic<\/b>\u00a0y olvidarse as\u00ed de futuros problemas y mantener su persiana en \u00f3ptimas condiciones.<\/p><p>Una de las piezas que m\u00e1s mantenimiento necesita, es el<b>\u00a0basculador de lamas<\/b>, cuya funci\u00f3n consiste en mover la lama gu\u00eda para que las dem\u00e1s lamas sigan el mismo proceso. Supone una pieza b\u00e1sica que necesita de un engrase y mantenimiento peri\u00f3dico para su correcto funcionamiento.<\/p>\t\t\t\t\t\t\t\t<\/div>\n\t\t\t\t<\/div>\n\t\t\t\t\t<\/div>\n\t\t<\/div>\n\t\t\t\t<div class=\"elementor-column elementor-col-50 elementor-inner-column elementor-element elementor-element-8accce3\" data-id=\"8accce3\" data-element_type=\"column\">\n\t\t\t<div class=\"elementor-widget-wrap elementor-element-populated\">\n\t\t\t\t\t\t<div class=\"elementor-element elementor-element-478d8ae elementor-widget elementor-widget-image\" data-id=\"478d8ae\" data-element_type=\"widget\" data-widget_type=\"image.default\">\n\t\t\t\t<div class=\"elementor-widget-container\">\n\t\t\t\t\t\t\t\t\t\t\t\t\t\t\t<img decoding=\"async\" src=\"https:\/\/persianasgradhermetic.com\/wp-content\/uploads\/2023\/09\/Basculador-Supergradhermetic.jpg\" title=\"Basculador-Supergradhermetic\" alt=\"Basculador-Supergradhermetic\" loading=\"lazy\" \/>\t\t\t\t\t\t\t\t\t\t\t\t\t\t\t<\/div>\n\t\t\t\t<\/div>\n\t\t\t\t\t<\/div>\n\t\t<\/div>\n\t\t\t\t\t<\/div>\n\t\t<\/section>\n\t\t\t\t<div class=\"elementor-element elementor-element-f83bb87 elementor-widget elementor-widget-heading\" data-id=\"f83bb87\" data-element_type=\"widget\" data-widget_type=\"heading.default\">\n\t\t\t\t<div class=\"elementor-widget-container\">\n\t\t\t\t\t<h2 class=\"elementor-heading-title elementor-size-default\">Servicios reparaciones Persiauto\n<\/h2>\t\t\t\t<\/div>\n\t\t\t\t<\/div>\n\t\t\t\t<div class=\"elementor-element elementor-element-52eb052 elementor-widget elementor-widget-text-editor\" data-id=\"52eb052\" data-element_type=\"widget\" data-widget_type=\"text-editor.default\">\n\t\t\t\t<div class=\"elementor-widget-container\">\n\t\t\t\t\t\t\t\t\t<ul><li>Reparaci\u00f3n motores Somfy<\/li><li>Reparaci\u00f3n persianas SuperGradhermetic<\/li><li>Reparaci\u00f3n persianas Metalunic<\/li><li>Reparaci\u00f3n persianas Alumetic<\/li><li>Reparaci\u00f3n persianas Alutermic 45 \/ Aluminicolor 45<\/li><li>Reparaci\u00f3n persianas Grad-Stor 80<\/li><li>Reparaci\u00f3n persianas Superbloc<\/li><li>Cambio o sustituci\u00f3n de lamas<\/li><li>Sustituci\u00f3n torno-manivela<\/li><li>Motorizaci\u00f3n<\/li><li>Engrase y mantenimiento<\/li><li>Basculaci\u00f3n de lamas<\/li><\/ul>\t\t\t\t\t\t\t\t<\/div>\n\t\t\t\t<\/div>\n\t\t\t\t\t<\/div>\n\t\t<\/div>\n\t\t\t\t\t<\/div>\n\t\t<\/section>\n\t\t<div class=\"elementor-element elementor-element-f735a03 e-flex e-con-boxed e-con e-parent\" data-id=\"f735a03\" data-element_type=\"container\">\n\t\t\t\t\t<div class=\"e-con-inner\">\n\t\t\t\t<div class=\"elementor-element elementor-element-be3c935 elementor-widget elementor-widget-heading\" data-id=\"be3c935\" data-element_type=\"widget\" data-widget_type=\"heading.default\">\n\t\t\t\t<div class=\"elementor-widget-container\">\n\t\t\t\t\t<h2 class=\"elementor-heading-title elementor-size-default\">No lo dude m\u00e1s, p\u00f3ngase en contacto con nosotros y disfrute de nuestro servicio de reparaci\u00f3n persianas Gradhermetic, nuestro departamento de oficina le atender\u00e1 y asesorar\u00e1 y nuestros t\u00e9cnicos se pondr\u00e1n manos a la obra para reparar su persiana en el menor tiempo posible. <\/h2>\t\t\t\t<\/div>\n\t\t\t\t<\/div>\n\t\t\t\t\t<\/div>\n\t\t\t\t<\/div>\n\t\t\t\t<\/div>\n\t\t","protected":false},"excerpt":{"rendered":"<p>Reparaci\u00f3n \u00bfSu persiana Gradhermetic necesita reparaci\u00f3n? \u00a1\u00a1Tenemos la soluci\u00f3n!! \u00a1Reparaci\u00f3n persianas Gradhermetic al mejor precio que podr\u00e1 encontrar! El paso del tiempo provoca muchas veces que nuestras persianas\u00a0Gradhermetic\u00a0se vean afectadas, presenten algunos fallos o problemas y haya que repararlas. En Persiauto llevamos m\u00e1s de 15 a\u00f1os trabajando en la\u00a0reparaci\u00f3n persianas Gradhermetic\u00a0y conocemos el funcionamiento de &hellip;<\/p>\n<p class=\"read-more\"> <a class=\"\" href=\"https:\/\/persianasgradhermetic.com\/index.php\/reparacion\/\"> <span class=\"screen-reader-text\">reparacion<\/span> Read More &raquo;<\/a><\/p>\n","protected":false},"author":2,"featured_media":0,"parent":0,"menu_order":0,"comment_status":"closed","ping_status":"closed","template":"","meta":{"site-sidebar-layout":"no-sidebar","site-content-layout":"page-builder","ast-site-content-layout":"full-width-container","site-content-style":"default","site-sidebar-style":"default","ast-global-header-display":"","ast-banner-title-visibility":"","ast-main-header-display":"","ast-hfb-above-header-display":"","ast-hfb-below-header-display":"","ast-hfb-mobile-header-display":"","site-post-title":"disabled","ast-breadcrumbs-content":"","ast-featured-img":"disabled","footer-sml-layout":"","theme-transparent-header-meta":"","adv-header-id-meta":"","stick-header-meta":"","header-above-stick-meta":"","header-main-stick-meta":"","header-below-stick-meta":"","astra-migrate-meta-layouts":"set","footnotes":""},"class_list":["post-335","page","type-page","status-publish","hentry"],"_links":{"self":[{"href":"https:\/\/persianasgradhermetic.com\/index.php\/wp-json\/wp\/v2\/pages\/335","targetHints":{"allow":["GET"]}}],"collection":[{"href":"https:\/\/persianasgradhermetic.com\/index.php\/wp-json\/wp\/v2\/pages"}],"about":[{"href":"https:\/\/persianasgradhermetic.com\/index.php\/wp-json\/wp\/v2\/types\/page"}],"author":[{"embeddable":true,"href":"https:\/\/persianasgradhermetic.com\/index.php\/wp-json\/wp\/v2\/users\/2"}],"replies":[{"embeddable":true,"href":"https:\/\/persianasgradhermetic.com\/index.php\/wp-json\/wp\/v2\/comments?post=335"}],"version-history":[{"count":13,"href":"https:\/\/persianasgradhermetic.com\/index.php\/wp-json\/wp\/v2\/pages\/335\/revisions"}],"predecessor-version":[{"id":397,"href":"https:\/\/persianasgradhermetic.com\/index.php\/wp-json\/wp\/v2\/pages\/335\/revisions\/397"}],"wp:attachment":[{"href":"https:\/\/persianasgradhermetic.com\/index.php\/wp-json\/wp\/v2\/media?parent=335"}],"curies":[{"name":"wp","href":"https:\/\/api.w.org\/{rel}","templated":true}]}}